{"id":1662,"date":"2019-05-21T07:34:07","date_gmt":"2019-05-21T07:34:07","guid":{"rendered":"https:\/\/phbavocats.ch\/sample-page\/"},"modified":"2024-07-08T08:58:51","modified_gmt":"2024-07-08T06:58:51","slug":"sample-page","status":"publish","type":"page","link":"https:\/\/phbavocats.ch\/de\/","title":{"rendered":"Home"},"content":{"rendered":"\n<div class=\"wp-block-columns is-style-no-margin-gapless lg:flex-row flex-col is-layout-flex wp-container-core-columns-is-layout-9d6595d7 wp-block-columns-is-layout-flex\">\n<div class=\"wp-block-column is-vertically-aligned-stretch is-layout-flow wp-block-column-is-layout-flow\">\n<div class=\"wp-block-cover is-light h-full has-white-color has-text-color has-link-color wp-elements-c83af802d264c9f2af26de2ff7ddbebd\"><span aria-hidden=\"true\" class=\"wp-block-cover__background has-background-dim-80 has-background-dim\" style=\"background-color:#bababa\"><\/span><img loading=\"lazy\" decoding=\"async\" width=\"962\" height=\"836\" class=\"wp-block-cover__image-background wp-image-1500\" alt=\"\" src=\"https:\/\/phbavocats.ch\/wp-content\/uploads\/2024\/01\/section.jpg\" data-object-fit=\"cover\" srcset=\"https:\/\/phbavocats.ch\/wp-content\/uploads\/2024\/01\/section.jpg 962w, https:\/\/phbavocats.ch\/wp-content\/uploads\/2024\/01\/section-300x261.jpg 300w, https:\/\/phbavocats.ch\/wp-content\/uploads\/2024\/01\/section-768x667.jpg 768w\" sizes=\"auto, (max-width: 962px) 100vw, 962px\" \/><div class=\"wp-block-cover__inner-container is-layout-constrained wp-block-cover-is-layout-constrained\">\n<h2 class=\"wp-block-heading has-text-align-center is-style-no-margin text-[4.4rem]\"><strong>DIE STUDIE<\/strong><\/h2>\n<\/div><\/div>\n<\/div>\n\n\n\n<div class=\"wp-block-column is-vertically-aligned-center study-section is-layout-flow wp-block-column-is-layout-flow\">\n<p>Unsere Studie ist sowohl im juristischen als auch im beratenden Bereich t\u00e4tig.<\/p>\n\n\n\n<p>Bestehend aus dynamischen und erfahrenen Praktikern, die dank eines ausgefeilten externen Netzwerks auch \u00fcber technische F\u00e4higkeiten verf\u00fcgen, wir sind in der Lage, die unterschiedlichsten Probleme auf Franz\u00f6sisch, Deutsch und Englisch zu bearbeiten (Vertragsrecht, Handelsrecht, Unternehmens\u00fcbertragung, Arbeitsrecht, Zivilrechtliche Haftung und Versicherungen, Raumordnungs- und Baurecht, \u00f6ffentliches und Verwaltungsrecht, Strafverfolgungs- und Insolvenzrecht, Stra\u00dfenverkehrsrecht, Strafrecht, usw.).<\/p>\n<\/div>\n<\/div>\n\n<div class=\"grid lg:grid-cols-3 md:grid-cols-2 grid-cols-1 gap-1 border-t-[.25rem] border-b-[.25rem] border-solid border-white\"  id=\"avocats\">\n                <article class=\"flex flex-col items-center justify-between bg-secondary relative h-full\">\n                <div class=\" \">\n                    <div class=\"info-wrapper absolute bottom-0 backdrop-brightness-[.65]\tflex flex-col py-8 left-0 right-0 px-8\">\n                        <h2 class=\"lg:text-[2.5rem] text-[2rem] mb-0 leading-tight \"><a class=\"text-white hover:text-primary\" href=\"https:\/\/phbavocats.ch\/de\/avocat\/daniel-pache\/\">Daniel\u00a0Pache<\/a><\/h2>\n                        <hr class=\"w-[40px] border-t-[3px] border-primary mt-4\" \/>\n                                                <p class=\"text-2xl text-white min-h-[2.5rem] \"><\/p>\n                                                    <a href=\"mailto:pache@phbavocats.ch\" class=\"text-2xl text-white hover:text-primary\">pache@phbavocats.ch<\/a>\n                                                    <a href=\"tel:+41 21 331 25 15\" class=\"text-2xl text-white hover:text-primary\">+41 21 331 25 15<\/a>\n                                            <\/div>\n\n                <\/div>\n\n                <a href=\"https:\/\/phbavocats.ch\/de\/avocat\/daniel-pache\/\" class=\"img-link flex \"><img loading=\"lazy\" decoding=\"async\" width=\"1707\" height=\"2560\" src=\"https:\/\/phbavocats.ch\/wp-content\/uploads\/2024\/07\/PHB_Avocats_Daniel_Pache_1-scaled.jpg\" class=\"w-full object-cover wp-post-image\" alt=\"\" srcset=\"https:\/\/phbavocats.ch\/wp-content\/uploads\/2024\/07\/PHB_Avocats_Daniel_Pache_1-scaled.jpg 1707w, https:\/\/phbavocats.ch\/wp-content\/uploads\/2024\/07\/PHB_Avocats_Daniel_Pache_1-200x300.jpg 200w, https:\/\/phbavocats.ch\/wp-content\/uploads\/2024\/07\/PHB_Avocats_Daniel_Pache_1-683x1024.jpg 683w, https:\/\/phbavocats.ch\/wp-content\/uploads\/2024\/07\/PHB_Avocats_Daniel_Pache_1-768x1152.jpg 768w, https:\/\/phbavocats.ch\/wp-content\/uploads\/2024\/07\/PHB_Avocats_Daniel_Pache_1-1024x1536.jpg 1024w, https:\/\/phbavocats.ch\/wp-content\/uploads\/2024\/07\/PHB_Avocats_Daniel_Pache_1-1365x2048.jpg 1365w, https:\/\/phbavocats.ch\/wp-content\/uploads\/2024\/07\/PHB_Avocats_Daniel_Pache_1-1920x2880.jpg 1920w\" sizes=\"auto, (max-width: 1707px) 100vw, 1707px\" \/><\/a>            <\/article>\n                <article class=\"flex flex-col items-center justify-between bg-secondary relative h-full\">\n                <div class=\" \">\n                    <div class=\"info-wrapper absolute bottom-0 backdrop-brightness-[.65]\tflex flex-col py-8 left-0 right-0 px-8\">\n                        <h2 class=\"lg:text-[2.5rem] text-[2rem] mb-0 leading-tight \"><a class=\"text-white hover:text-primary\" href=\"https:\/\/phbavocats.ch\/de\/avocat\/romain-herzog\/\">Romain\u00a0Herzog<\/a><\/h2>\n                        <hr class=\"w-[40px] border-t-[3px] border-primary mt-4\" \/>\n                                                <p class=\"text-2xl text-white min-h-[2.5rem] \"><\/p>\n                                                    <a href=\"mailto:herzog@phbavocats.ch\" class=\"text-2xl text-white hover:text-primary\">herzog@phbavocats.ch<\/a>\n                                                    <a href=\"tel:+41 21 331 25 14\" class=\"text-2xl text-white hover:text-primary\">+41 21 331 25 14<\/a>\n                                            <\/div>\n\n                <\/div>\n\n                <a href=\"https:\/\/phbavocats.ch\/de\/avocat\/romain-herzog\/\" class=\"img-link flex \"><img loading=\"lazy\" decoding=\"async\" width=\"1707\" height=\"2560\" src=\"https:\/\/phbavocats.ch\/wp-content\/uploads\/2024\/07\/PHB_Avocats_Romain_Herzog_1-scaled.jpg\" class=\"w-full object-cover wp-post-image\" alt=\"\" srcset=\"https:\/\/phbavocats.ch\/wp-content\/uploads\/2024\/07\/PHB_Avocats_Romain_Herzog_1-scaled.jpg 1707w, https:\/\/phbavocats.ch\/wp-content\/uploads\/2024\/07\/PHB_Avocats_Romain_Herzog_1-200x300.jpg 200w, https:\/\/phbavocats.ch\/wp-content\/uploads\/2024\/07\/PHB_Avocats_Romain_Herzog_1-683x1024.jpg 683w, https:\/\/phbavocats.ch\/wp-content\/uploads\/2024\/07\/PHB_Avocats_Romain_Herzog_1-768x1152.jpg 768w, https:\/\/phbavocats.ch\/wp-content\/uploads\/2024\/07\/PHB_Avocats_Romain_Herzog_1-1024x1536.jpg 1024w, https:\/\/phbavocats.ch\/wp-content\/uploads\/2024\/07\/PHB_Avocats_Romain_Herzog_1-1365x2048.jpg 1365w, https:\/\/phbavocats.ch\/wp-content\/uploads\/2024\/07\/PHB_Avocats_Romain_Herzog_1-1920x2880.jpg 1920w\" sizes=\"auto, (max-width: 1707px) 100vw, 1707px\" \/><\/a>            <\/article>\n                <article class=\"flex flex-col items-center justify-between bg-secondary relative h-full\">\n                <div class=\" \">\n                    <div class=\"info-wrapper absolute bottom-0 backdrop-brightness-[.65]\tflex flex-col py-8 left-0 right-0 px-8\">\n                        <h2 class=\"lg:text-[2.5rem] text-[2rem] mb-0 leading-tight \"><a class=\"text-white hover:text-primary\" href=\"https:\/\/phbavocats.ch\/de\/avocat\/john-david-burdet\/\">John-David\u00a0Burdet<\/a><\/h2>\n                        <hr class=\"w-[40px] border-t-[3px] border-primary mt-4\" \/>\n                                                <p class=\"text-2xl text-white min-h-[2.5rem] \"><\/p>\n                                                    <a href=\"mailto:burdet@phbavocats.ch\" class=\"text-2xl text-white hover:text-primary\">burdet@phbavocats.ch<\/a>\n                                                    <a href=\"tel:+41 21 331 25 20\" class=\"text-2xl text-white hover:text-primary\">+41 21 331 25 20<\/a>\n                                            <\/div>\n\n                <\/div>\n\n                <a href=\"https:\/\/phbavocats.ch\/de\/avocat\/john-david-burdet\/\" class=\"img-link flex \"><img loading=\"lazy\" decoding=\"async\" width=\"1707\" height=\"2560\" src=\"https:\/\/phbavocats.ch\/wp-content\/uploads\/2025\/06\/avocat-droit-immobilier-lausanne-burdet.jpg\" class=\"w-full object-cover wp-post-image\" alt=\"\" srcset=\"https:\/\/phbavocats.ch\/wp-content\/uploads\/2025\/06\/avocat-droit-immobilier-lausanne-burdet.jpg 1707w, https:\/\/phbavocats.ch\/wp-content\/uploads\/2025\/06\/avocat-droit-immobilier-lausanne-burdet-200x300.jpg 200w, https:\/\/phbavocats.ch\/wp-content\/uploads\/2025\/06\/avocat-droit-immobilier-lausanne-burdet-683x1024.jpg 683w, https:\/\/phbavocats.ch\/wp-content\/uploads\/2025\/06\/avocat-droit-immobilier-lausanne-burdet-768x1152.jpg 768w, https:\/\/phbavocats.ch\/wp-content\/uploads\/2025\/06\/avocat-droit-immobilier-lausanne-burdet-1024x1536.jpg 1024w, https:\/\/phbavocats.ch\/wp-content\/uploads\/2025\/06\/avocat-droit-immobilier-lausanne-burdet-1366x2048.jpg 1366w\" sizes=\"auto, (max-width: 1707px) 100vw, 1707px\" \/><\/a>            <\/article>\n                <article class=\"flex flex-col items-center justify-between bg-secondary relative h-full\">\n                <div class=\" \">\n                    <div class=\"info-wrapper absolute bottom-0 backdrop-brightness-[.65]\tflex flex-col py-8 left-0 right-0 px-8\">\n                        <h2 class=\"lg:text-[2.5rem] text-[2rem] mb-0 leading-tight \"><a class=\"text-white hover:text-primary\" href=\"https:\/\/phbavocats.ch\/de\/avocat\/julien-pache\/\">Julien Pache<\/a><\/h2>\n                        <hr class=\"w-[40px] border-t-[3px] border-primary mt-4\" \/>\n                                                <p class=\"text-2xl text-white min-h-[2.5rem] \"><\/p>\n                                                    <a href=\"mailto:jpache@phbavocats.ch\" class=\"text-2xl text-white hover:text-primary\">jpache@phbavocats.ch<\/a>\n                                                    <a href=\"tel:+41 21 331 25 15\" class=\"text-2xl text-white hover:text-primary\">+41 21 331 25 15<\/a>\n                                            <\/div>\n\n                <\/div>\n\n                <a href=\"https:\/\/phbavocats.ch\/de\/avocat\/julien-pache\/\" class=\"img-link flex \"><img loading=\"lazy\" decoding=\"async\" width=\"1707\" height=\"2560\" src=\"https:\/\/phbavocats.ch\/wp-content\/uploads\/2024\/07\/PHB_Avocats_Julien_Pache_1-scaled.jpg\" class=\"w-full object-cover wp-post-image\" alt=\"\" srcset=\"https:\/\/phbavocats.ch\/wp-content\/uploads\/2024\/07\/PHB_Avocats_Julien_Pache_1-scaled.jpg 1707w, https:\/\/phbavocats.ch\/wp-content\/uploads\/2024\/07\/PHB_Avocats_Julien_Pache_1-200x300.jpg 200w, https:\/\/phbavocats.ch\/wp-content\/uploads\/2024\/07\/PHB_Avocats_Julien_Pache_1-683x1024.jpg 683w, https:\/\/phbavocats.ch\/wp-content\/uploads\/2024\/07\/PHB_Avocats_Julien_Pache_1-768x1152.jpg 768w, https:\/\/phbavocats.ch\/wp-content\/uploads\/2024\/07\/PHB_Avocats_Julien_Pache_1-1024x1536.jpg 1024w, https:\/\/phbavocats.ch\/wp-content\/uploads\/2024\/07\/PHB_Avocats_Julien_Pache_1-1365x2048.jpg 1365w, https:\/\/phbavocats.ch\/wp-content\/uploads\/2024\/07\/PHB_Avocats_Julien_Pache_1-1920x2880.jpg 1920w\" sizes=\"auto, (max-width: 1707px) 100vw, 1707px\" \/><\/a>            <\/article>\n                <article class=\"flex flex-col items-center justify-between bg-secondary relative h-full\">\n                <div class=\" \">\n                    <div class=\"info-wrapper absolute bottom-0 backdrop-brightness-[.65]\tflex flex-col py-8 left-0 right-0 px-8\">\n                        <h2 class=\"lg:text-[2.5rem] text-[2rem] mb-0 leading-tight \"><a class=\"text-white hover:text-primary\" href=\"https:\/\/phbavocats.ch\/de\/avocat\/laure-jolidon\/\">Laure Jolidon<\/a><\/h2>\n                        <hr class=\"w-[40px] border-t-[3px] border-primary mt-4\" \/>\n                                                <p class=\"text-2xl text-white min-h-[2.5rem] \"><\/p>\n                                                    <a href=\"mailto:jolidon@phbavocats.ch\" class=\"text-2xl text-white hover:text-primary\">jolidon@phbavocats.ch<\/a>\n                                                    <a href=\"tel:+41 21 331 25 25\" class=\"text-2xl text-white hover:text-primary\">+41 21 331 25 25<\/a>\n                                            <\/div>\n\n                <\/div>\n\n                <a href=\"https:\/\/phbavocats.ch\/de\/avocat\/laure-jolidon\/\" class=\"img-link flex \"><img loading=\"lazy\" decoding=\"async\" width=\"1707\" height=\"2560\" src=\"https:\/\/phbavocats.ch\/wp-content\/uploads\/2024\/07\/PHB_Avocats_Laure_Jolidon_1-scaled.jpg\" class=\"w-full object-cover wp-post-image\" alt=\"\" srcset=\"https:\/\/phbavocats.ch\/wp-content\/uploads\/2024\/07\/PHB_Avocats_Laure_Jolidon_1-scaled.jpg 1707w, https:\/\/phbavocats.ch\/wp-content\/uploads\/2024\/07\/PHB_Avocats_Laure_Jolidon_1-200x300.jpg 200w, https:\/\/phbavocats.ch\/wp-content\/uploads\/2024\/07\/PHB_Avocats_Laure_Jolidon_1-683x1024.jpg 683w, https:\/\/phbavocats.ch\/wp-content\/uploads\/2024\/07\/PHB_Avocats_Laure_Jolidon_1-768x1152.jpg 768w, https:\/\/phbavocats.ch\/wp-content\/uploads\/2024\/07\/PHB_Avocats_Laure_Jolidon_1-1024x1536.jpg 1024w, https:\/\/phbavocats.ch\/wp-content\/uploads\/2024\/07\/PHB_Avocats_Laure_Jolidon_1-1365x2048.jpg 1365w, https:\/\/phbavocats.ch\/wp-content\/uploads\/2024\/07\/PHB_Avocats_Laure_Jolidon_1-1920x2880.jpg 1920w\" sizes=\"auto, (max-width: 1707px) 100vw, 1707px\" \/><\/a>            <\/article>\n    <\/div>","protected":false},"excerpt":{"rendered":"<p>Unsere Studie ist sowohl im juristischen als auch im beratenden Bereich t\u00e4tig. Bestehend aus dynamischen und erfahrenen Praktikern, die dank eines ausgefeilten externen Netzwerks auch \u00fcber technische F\u00e4higkeiten verf\u00fcgen, wir sind in der Lage, die unterschiedlichsten Probleme auf Franz\u00f6sisch, Deutsch und Englisch zu bearbeiten (Vertragsrecht, Handelsrecht, Unternehmens\u00fcbertragung, Arbeitsrecht, Zivilrechtliche Haftung und Versicherungen, Raumordnungs- und Baurecht, [&hellip;]<\/p>\n","protected":false},"author":11,"featured_media":0,"parent":0,"menu_order":4,"comment_status":"closed","ping_status":"open","template":"","meta":{"_acf_changed":false,"footnotes":""},"class_list":["post-1662","page","type-page","status-publish","hentry"],"acf":[],"yoast_head":"<!-- This site is optimized with the Yoast SEO plugin v27.0 - https:\/\/yoast.com\/product\/yoast-seo-wordpress\/ -->\n<title>Home - Pache Henny Burdet Herzog<\/title>\n<meta name=\"robots\" content=\"index, follow, max-snippet:-1, max-image-preview:large, max-video-preview:-1\" \/>\n<link rel=\"canonical\" href=\"https:\/\/phbavocats.ch\/de\/\" \/>\n<meta property=\"og:locale\" content=\"de_DE\" \/>\n<meta property=\"og:type\" content=\"article\" \/>\n<meta property=\"og:title\" content=\"Home - Pache Henny Burdet Herzog\" \/>\n<meta property=\"og:description\" content=\"Unsere Studie ist sowohl im juristischen als auch im beratenden Bereich t\u00e4tig. Bestehend aus dynamischen und erfahrenen Praktikern, die dank eines ausgefeilten externen Netzwerks auch \u00fcber technische F\u00e4higkeiten verf\u00fcgen, wir sind in der Lage, die unterschiedlichsten Probleme auf Franz\u00f6sisch, Deutsch und Englisch zu bearbeiten (Vertragsrecht, Handelsrecht, Unternehmens\u00fcbertragung, Arbeitsrecht, Zivilrechtliche Haftung und Versicherungen, Raumordnungs- und Baurecht, [&hellip;]\" \/>\n<meta property=\"og:url\" content=\"https:\/\/phbavocats.ch\/de\/\" \/>\n<meta property=\"og:site_name\" content=\"Pache Henny Burdet Herzog\" \/>\n<meta property=\"article:modified_time\" content=\"2024-07-08T06:58:51+00:00\" \/>\n<meta property=\"og:image\" content=\"https:\/\/phbavocats.ch\/wp-content\/uploads\/2024\/01\/section.jpg\" \/>\n<meta name=\"twitter:card\" content=\"summary_large_image\" \/>\n<meta name=\"twitter:label1\" content=\"Est. reading time\" \/>\n\t<meta name=\"twitter:data1\" content=\"1 minute\" \/>\n<script type=\"application\/ld+json\" class=\"yoast-schema-graph\">{\"@context\":\"https:\/\/schema.org\",\"@graph\":[{\"@type\":\"WebPage\",\"@id\":\"https:\/\/phbavocats.ch\/de\/\",\"url\":\"https:\/\/phbavocats.ch\/de\/\",\"name\":\"Home - Pache Henny Burdet Herzog\",\"isPartOf\":{\"@id\":\"https:\/\/phbavocats.ch\/#website\"},\"primaryImageOfPage\":{\"@id\":\"https:\/\/phbavocats.ch\/de\/#primaryimage\"},\"image\":{\"@id\":\"https:\/\/phbavocats.ch\/de\/#primaryimage\"},\"thumbnailUrl\":\"https:\/\/phbavocats.ch\/wp-content\/uploads\/2024\/01\/section.jpg\",\"datePublished\":\"2019-05-21T07:34:07+00:00\",\"dateModified\":\"2024-07-08T06:58:51+00:00\",\"breadcrumb\":{\"@id\":\"https:\/\/phbavocats.ch\/de\/#breadcrumb\"},\"inLanguage\":\"de-DE\",\"potentialAction\":[{\"@type\":\"ReadAction\",\"target\":[\"https:\/\/phbavocats.ch\/de\/\"]}]},{\"@type\":\"ImageObject\",\"inLanguage\":\"de-DE\",\"@id\":\"https:\/\/phbavocats.ch\/de\/#primaryimage\",\"url\":\"https:\/\/phbavocats.ch\/wp-content\/uploads\/2024\/01\/section.jpg\",\"contentUrl\":\"https:\/\/phbavocats.ch\/wp-content\/uploads\/2024\/01\/section.jpg\"},{\"@type\":\"BreadcrumbList\",\"@id\":\"https:\/\/phbavocats.ch\/de\/#breadcrumb\",\"itemListElement\":[{\"@type\":\"ListItem\",\"position\":1,\"name\":\"Accueil\",\"item\":\"https:\/\/phbavocats.ch\/de\/\"},{\"@type\":\"ListItem\",\"position\":2,\"name\":\"Home\"}]},{\"@type\":\"WebSite\",\"@id\":\"https:\/\/phbavocats.ch\/#website\",\"url\":\"https:\/\/phbavocats.ch\/\",\"name\":\"Pache Henny Burdet Herzog\",\"description\":\"\u00c9tude d\u2019avocat Lausanne \u2013 1987\",\"potentialAction\":[{\"@type\":\"SearchAction\",\"target\":{\"@type\":\"EntryPoint\",\"urlTemplate\":\"https:\/\/phbavocats.ch\/?s={search_term_string}\"},\"query-input\":{\"@type\":\"PropertyValueSpecification\",\"valueRequired\":true,\"valueName\":\"search_term_string\"}}],\"inLanguage\":\"de-DE\"}]}<\/script>\n<!-- \/ Yoast SEO plugin. -->","yoast_head_json":{"title":"Home - Pache Henny Burdet Herzog","robots":{"index":"index","follow":"follow","max-snippet":"max-snippet:-1","max-image-preview":"max-image-preview:large","max-video-preview":"max-video-preview:-1"},"canonical":"https:\/\/phbavocats.ch\/de\/","og_locale":"de_DE","og_type":"article","og_title":"Home - Pache Henny Burdet Herzog","og_description":"Unsere Studie ist sowohl im juristischen als auch im beratenden Bereich t\u00e4tig. Bestehend aus dynamischen und erfahrenen Praktikern, die dank eines ausgefeilten externen Netzwerks auch \u00fcber technische F\u00e4higkeiten verf\u00fcgen, wir sind in der Lage, die unterschiedlichsten Probleme auf Franz\u00f6sisch, Deutsch und Englisch zu bearbeiten (Vertragsrecht, Handelsrecht, Unternehmens\u00fcbertragung, Arbeitsrecht, Zivilrechtliche Haftung und Versicherungen, Raumordnungs- und Baurecht, [&hellip;]","og_url":"https:\/\/phbavocats.ch\/de\/","og_site_name":"Pache Henny Burdet Herzog","article_modified_time":"2024-07-08T06:58:51+00:00","og_image":[{"url":"https:\/\/phbavocats.ch\/wp-content\/uploads\/2024\/01\/section.jpg","type":"","width":"","height":""}],"twitter_card":"summary_large_image","twitter_misc":{"Est. reading time":"1 minute"},"schema":{"@context":"https:\/\/schema.org","@graph":[{"@type":"WebPage","@id":"https:\/\/phbavocats.ch\/de\/","url":"https:\/\/phbavocats.ch\/de\/","name":"Home - Pache Henny Burdet Herzog","isPartOf":{"@id":"https:\/\/phbavocats.ch\/#website"},"primaryImageOfPage":{"@id":"https:\/\/phbavocats.ch\/de\/#primaryimage"},"image":{"@id":"https:\/\/phbavocats.ch\/de\/#primaryimage"},"thumbnailUrl":"https:\/\/phbavocats.ch\/wp-content\/uploads\/2024\/01\/section.jpg","datePublished":"2019-05-21T07:34:07+00:00","dateModified":"2024-07-08T06:58:51+00:00","breadcrumb":{"@id":"https:\/\/phbavocats.ch\/de\/#breadcrumb"},"inLanguage":"de-DE","potentialAction":[{"@type":"ReadAction","target":["https:\/\/phbavocats.ch\/de\/"]}]},{"@type":"ImageObject","inLanguage":"de-DE","@id":"https:\/\/phbavocats.ch\/de\/#primaryimage","url":"https:\/\/phbavocats.ch\/wp-content\/uploads\/2024\/01\/section.jpg","contentUrl":"https:\/\/phbavocats.ch\/wp-content\/uploads\/2024\/01\/section.jpg"},{"@type":"BreadcrumbList","@id":"https:\/\/phbavocats.ch\/de\/#breadcrumb","itemListElement":[{"@type":"ListItem","position":1,"name":"Accueil","item":"https:\/\/phbavocats.ch\/de\/"},{"@type":"ListItem","position":2,"name":"Home"}]},{"@type":"WebSite","@id":"https:\/\/phbavocats.ch\/#website","url":"https:\/\/phbavocats.ch\/","name":"Pache Henny Burdet Herzog","description":"\u00c9tude d\u2019avocat Lausanne \u2013 1987","potentialAction":[{"@type":"SearchAction","target":{"@type":"EntryPoint","urlTemplate":"https:\/\/phbavocats.ch\/?s={search_term_string}"},"query-input":{"@type":"PropertyValueSpecification","valueRequired":true,"valueName":"search_term_string"}}],"inLanguage":"de-DE"}]}},"_links":{"self":[{"href":"https:\/\/phbavocats.ch\/de\/wp-json\/wp\/v2\/pages\/1662","targetHints":{"allow":["GET"]}}],"collection":[{"href":"https:\/\/phbavocats.ch\/de\/wp-json\/wp\/v2\/pages"}],"about":[{"href":"https:\/\/phbavocats.ch\/de\/wp-json\/wp\/v2\/types\/page"}],"author":[{"embeddable":true,"href":"https:\/\/phbavocats.ch\/de\/wp-json\/wp\/v2\/users\/11"}],"replies":[{"embeddable":true,"href":"https:\/\/phbavocats.ch\/de\/wp-json\/wp\/v2\/comments?post=1662"}],"version-history":[{"count":6,"href":"https:\/\/phbavocats.ch\/de\/wp-json\/wp\/v2\/pages\/1662\/revisions"}],"predecessor-version":[{"id":1760,"href":"https:\/\/phbavocats.ch\/de\/wp-json\/wp\/v2\/pages\/1662\/revisions\/1760"}],"wp:attachment":[{"href":"https:\/\/phbavocats.ch\/de\/wp-json\/wp\/v2\/media?parent=1662"}],"curies":[{"name":"wp","href":"https:\/\/api.w.org\/{rel}","templated":true}]}}